{"id":417,"date":"2017-04-13T10:35:55","date_gmt":"2017-04-13T10:35:55","guid":{"rendered":"http:\/\/vinafordn.com.vn\/?post_type=product&#038;p=417"},"modified":"2017-04-13T10:35:55","modified_gmt":"2017-04-13T10:35:55","slug":"ghe-lac-vf-c7","status":"publish","type":"product","link":"http:\/\/vinafordn.com.vn\/en\/shop\/hang-ngoai-troi\/ghe\/ghe-lac-vf-c7\/","title":{"rendered":"Gh\u1ebf L\u1eafc VF-C7"},"content":{"rendered":"<p>T\u00ean s\u1ea3n ph\u1ea9m : Gh\u1ebf L\u1eafc VF-C7<br \/>\nM\u00e3 s\u1ea3n ph\u1ea9m : VF-C7<br \/>\n\u0110\u01a1n gi\u00e1 : USD<\/p>\n<p>M\u00f4 t\u1ea3 chi ti\u1ebft s\u1ea3n ph\u1ea9m<br \/>\nCh\u1ea5t li\u1ec7u g\u1ed7: B\u1ea1ch \u0111\u00e0n FSC, Keo,Ch\u00f2;<br \/>\nK\u00edch th\u01b0\u1edbc m\u1edf :1000 x 610 x 910 (mm);<br \/>\nK\u00edch th\u01b0\u1edbc x\u1ebfp:610 x 355 x 1100(mm)<br \/>\n\u0110\u00f3ng g\u00f3i: 1sp\/th\u00f9ng carton; Sl sp\/cont&#8221;&#8221;&#8221;40FCL: 215pcs<\/p>\n<p>S\u1ea3n xu\u1ea5t<br \/>\nC\u00f4ng Ty VINAFOR DANANG<\/p>\n","protected":false},"excerpt":{"rendered":"<p>M\u00f4 t\u1ea3 chi ti\u1ebft s\u1ea3n ph\u1ea9m<br \/>\nCh\u1ea5t li\u1ec7u g\u1ed7: B\u1ea1ch \u0111\u00e0n FSC, Keo,Ch\u00f2;<br \/>\nK\u00edch th\u01b0\u1edbc m\u1edf :1000 x 610 x 910 (mm);<br \/>\nK\u00edch th\u01b0\u1edbc x\u1ebfp:610 x 355 x 1100(mm)<br \/>\n\u0110\u00f3ng g\u00f3i: 1sp\/th\u00f9ng carton; Sl sp\/cont&#8221;&#8221;&#8221;40FCL: 215pcs<\/p>\n","protected":false},"featured_media":418,"comment_status":"open","ping_status":"closed","template":"","meta":[],"class_list":{"0":"post-417","1":"product","2":"type-product","3":"status-publish","4":"has-post-thumbnail","6":"product_cat-ghe","8":"first","9":"instock","10":"shipping-taxable","11":"product-type-simple"},"_links":{"self":[{"href":"http:\/\/vinafordn.com.vn\/en\/wp-json\/wp\/v2\/product\/417","targetHints":{"allow":["GET"]}}],"collection":[{"href":"http:\/\/vinafordn.com.vn\/en\/wp-json\/wp\/v2\/product"}],"about":[{"href":"http:\/\/vinafordn.com.vn\/en\/wp-json\/wp\/v2\/types\/product"}],"replies":[{"embeddable":true,"href":"http:\/\/vinafordn.com.vn\/en\/wp-json\/wp\/v2\/comments?post=417"}],"wp:featuredmedia":[{"embeddable":true,"href":"http:\/\/vinafordn.com.vn\/en\/wp-json\/wp\/v2\/media\/418"}],"wp:attachment":[{"href":"http:\/\/vinafordn.com.vn\/en\/wp-json\/wp\/v2\/media?parent=417"}],"curies":[{"name":"wp","href":"https:\/\/api.w.org\/{rel}","templated":true}]}}