{"id":415,"date":"2017-04-13T10:31:29","date_gmt":"2017-04-13T10:31:29","guid":{"rendered":"http:\/\/vinafordn.com.vn\/?post_type=product&#038;p=415"},"modified":"2017-04-13T10:31:29","modified_gmt":"2017-04-13T10:31:29","slug":"rattan-pos-chair","status":"publish","type":"product","link":"http:\/\/vinafordn.com.vn\/en\/shop\/hang-ngoai-troi\/ghe\/rattan-pos-chair\/","title":{"rendered":"Rattan pos chair"},"content":{"rendered":"<p>T\u00ean s\u1ea3n ph\u1ea9m : Rattan pos chair<br \/>\nM\u00e3 s\u1ea3n ph\u1ea9m : VF- RPC1<br \/>\n\u0110\u01a1n gi\u00e1 : \u0111\u1ed3ng\/sp<\/p>\n<p>M\u00f4 t\u1ea3 chi ti\u1ebft s\u1ea3n ph\u1ea9m<br \/>\nCh\u1ea5t li\u1ec7u g\u1ed7: B\u1ea1ch \u0111\u00e0n FSC, Keo, Ch\u00f2;<br \/>\nK\u00edch th\u01b0\u1edbc m\u1edf :590 x 770 x 1100(mm);<br \/>\nK\u00edch th\u01b0\u1edbc x\u1ebfp:140x590x950(mm)<br \/>\n\u0110\u00f3ng g\u00f3i: 2sp\/th\u00f9ng carton; Sl sp\/cont&#8221;&#8221;&#8221;40FCL: 720pcs;<\/p>\n<p>S\u1ea3n xu\u1ea5t<br \/>\nS\u1ea3n xu\u1ea5t t\u1ea1i Vinafor \u0110\u00e0 N\u1eb5ng &#8211; Vi\u1ec7t Nam theo ti\u00eau chu\u1ea9n ISO 9001:2000 v\u00e0 SGS-COC-1878<\/p>\n","protected":false},"excerpt":{"rendered":"<p>M\u00f4 t\u1ea3 chi ti\u1ebft s\u1ea3n ph\u1ea9m<br \/>\nCh\u1ea5t li\u1ec7u g\u1ed7: B\u1ea1ch \u0111\u00e0n FSC, Keo, Ch\u00f2;<br \/>\nK\u00edch th\u01b0\u1edbc m\u1edf :590 x 770 x 1100(mm);<br \/>\nK\u00edch th\u01b0\u1edbc x\u1ebfp:140x590x950(mm)<br \/>\n\u0110\u00f3ng g\u00f3i: 2sp\/th\u00f9ng carton; Sl sp\/cont&#8221;&#8221;&#8221;40FCL: 720pcs;<\/p>\n","protected":false},"featured_media":416,"comment_status":"open","ping_status":"closed","template":"","meta":[],"class_list":{"0":"post-415","1":"product","2":"type-product","3":"status-publish","4":"has-post-thumbnail","6":"product_cat-ghe","8":"first","9":"instock","10":"shipping-taxable","11":"product-type-simple"},"_links":{"self":[{"href":"http:\/\/vinafordn.com.vn\/en\/wp-json\/wp\/v2\/product\/415","targetHints":{"allow":["GET"]}}],"collection":[{"href":"http:\/\/vinafordn.com.vn\/en\/wp-json\/wp\/v2\/product"}],"about":[{"href":"http:\/\/vinafordn.com.vn\/en\/wp-json\/wp\/v2\/types\/product"}],"replies":[{"embeddable":true,"href":"http:\/\/vinafordn.com.vn\/en\/wp-json\/wp\/v2\/comments?post=415"}],"wp:featuredmedia":[{"embeddable":true,"href":"http:\/\/vinafordn.com.vn\/en\/wp-json\/wp\/v2\/media\/416"}],"wp:attachment":[{"href":"http:\/\/vinafordn.com.vn\/en\/wp-json\/wp\/v2\/media?parent=415"}],"curies":[{"name":"wp","href":"https:\/\/api.w.org\/{rel}","templated":true}]}}