{"id":408,"date":"2017-04-13T09:03:13","date_gmt":"2017-04-13T09:03:13","guid":{"rendered":"http:\/\/vinafordn.com.vn\/?post_type=product&#038;p=408"},"modified":"2017-04-13T10:27:26","modified_gmt":"2017-04-13T10:27:26","slug":"ghe-tam-nang-nang","status":"publish","type":"product","link":"http:\/\/vinafordn.com.vn\/en\/shop\/hang-ngoai-troi\/ghe\/ghe-tam-nang-nang\/","title":{"rendered":"Gh\u1ebf T\u1eafm Nang Nang"},"content":{"rendered":"<p>T\u00ean s\u1ea3n ph\u1ea9m : Gh\u1ebf T\u1eafm Nang Nang VF-C8<br \/>\nM\u00e3 s\u1ea3n ph\u1ea9m : VF-C8<br \/>\n\u0110\u01a1n gi\u00e1 : USD<\/p>\n<p>M\u00f4 t\u1ea3 chi ti\u1ebft s\u1ea3n ph\u1ea9m<br \/>\nCh\u1ea5t li\u1ec7u g\u1ed7: B\u1ea1ch \u0111\u00e0n FSC, Keo,Ch\u00f2;<br \/>\nK\u00edch th\u01b0\u1edbc m\u1edf :1840 x 640 x 910(mm);<br \/>\nK\u00edch th\u01b0\u1edbc x\u1ebfp:145 x 645 x 1185(mm)<br \/>\n\u0110\u00f3ng g\u00f3i: 1sp\/th\u00f9ng carton; Sl sp\/cont&#8221;&#8221;&#8221;40FCL: 250<\/p>\n<p>S\u1ea3n xu\u1ea5t<br \/>\nC\u00f4ng ty VINAFOR DANANG<\/p>\n","protected":false},"excerpt":{"rendered":"<p>M\u00f4 t\u1ea3 chi ti\u1ebft s\u1ea3n ph\u1ea9m<br \/>\nCh\u1ea5t li\u1ec7u g\u1ed7: B\u1ea1ch \u0111\u00e0n FSC, Keo,Ch\u00f2;<br \/>\nK\u00edch th\u01b0\u1edbc m\u1edf :1840 x 640 x 910(mm);<br \/>\nK\u00edch th\u01b0\u1edbc x\u1ebfp:145 x 645 x 1185(mm)<br \/>\n\u0110\u00f3ng g\u00f3i: 1sp\/th\u00f9ng carton; Sl sp\/cont&#8221;&#8221;&#8221;40FCL: 250<\/p>\n","protected":false},"featured_media":409,"comment_status":"open","ping_status":"closed","template":"","meta":[],"class_list":{"0":"post-408","1":"product","2":"type-product","3":"status-publish","4":"has-post-thumbnail","6":"product_cat-ghe","8":"first","9":"instock","10":"shipping-taxable","11":"product-type-simple"},"_links":{"self":[{"href":"http:\/\/vinafordn.com.vn\/en\/wp-json\/wp\/v2\/product\/408","targetHints":{"allow":["GET"]}}],"collection":[{"href":"http:\/\/vinafordn.com.vn\/en\/wp-json\/wp\/v2\/product"}],"about":[{"href":"http:\/\/vinafordn.com.vn\/en\/wp-json\/wp\/v2\/types\/product"}],"replies":[{"embeddable":true,"href":"http:\/\/vinafordn.com.vn\/en\/wp-json\/wp\/v2\/comments?post=408"}],"wp:featuredmedia":[{"embeddable":true,"href":"http:\/\/vinafordn.com.vn\/en\/wp-json\/wp\/v2\/media\/409"}],"wp:attachment":[{"href":"http:\/\/vinafordn.com.vn\/en\/wp-json\/wp\/v2\/media?parent=408"}],"curies":[{"name":"wp","href":"https:\/\/api.w.org\/{rel}","templated":true}]}}