{"id":353,"date":"2017-04-04T09:15:07","date_gmt":"2017-04-04T09:15:07","guid":{"rendered":"http:\/\/design.vinabits.com.vn\/vinafor_web\/?post_type=product&#038;p=353"},"modified":"2017-04-04T09:17:40","modified_gmt":"2017-04-04T09:17:40","slug":"ghe-vf-c6","status":"publish","type":"product","link":"http:\/\/vinafordn.com.vn\/en\/shop\/hang-ngoai-troi\/ghe\/ghe-vf-c6\/","title":{"rendered":"(Ti\u1ebfng Vi\u1ec7t) Gh\u1ebf VF-C6"},"content":{"rendered":"T\u00ean s\u1ea3n ph\u1ea9m : Gh\u1ebf VF-C6<br \/>\nM\u00e3 s\u1ea3n ph\u1ea9m : VF-C6<br \/>\n\u0110\u01a1n gi\u00e1 : USD<\/p>\n<p><strong>M\u00f4 t\u1ea3 chi ti\u1ebft s\u1ea3n ph\u1ea9m<\/strong><br \/>\nCh\u1ea5t li\u1ec7u g\u1ed7: B\u1ea1ch \u0111\u00e0n FSC, Keo,Ch\u00f2;<br \/>\nK\u00edch th\u01b0\u1edbc m\u1edf :560 x 475 x 880 (mm);<br \/>\nK\u00edch th\u01b0\u1edbc x\u1ebfp:1015 x 478 x 205(mm)<br \/>\n\u0110\u00f3ng g\u00f3i: 1sp\/th\u00f9ng carton; Sl sp\/cont&#8221;&#8221;&#8221;40FCL: 1080pcs","protected":false},"excerpt":{"rendered":"<p><strong>M\u00f4 t\u1ea3 chi ti\u1ebft s\u1ea3n ph\u1ea9m<\/strong><br \/>\nCh\u1ea5t li\u1ec7u g\u1ed7: B\u1ea1ch \u0111\u00e0n FSC, Keo,Ch\u00f2;<br \/>\nK\u00edch th\u01b0\u1edbc m\u1edf :560 x 475 x 880 (mm);<br \/>\nK\u00edch th\u01b0\u1edbc x\u1ebfp:1015 x 478 x 205(mm)<br \/>\n\u0110\u00f3ng g\u00f3i: 1sp\/th\u00f9ng carton; Sl sp\/cont&#8221;&#8221;&#8221;40FCL: 1080pcs<\/p>\n","protected":false},"featured_media":354,"comment_status":"open","ping_status":"closed","template":"","meta":[],"class_list":{"0":"post-353","1":"product","2":"type-product","3":"status-publish","4":"has-post-thumbnail","6":"product_cat-ghe","8":"first","9":"instock","10":"shipping-taxable","11":"product-type-simple"},"_links":{"self":[{"href":"http:\/\/vinafordn.com.vn\/en\/wp-json\/wp\/v2\/product\/353","targetHints":{"allow":["GET"]}}],"collection":[{"href":"http:\/\/vinafordn.com.vn\/en\/wp-json\/wp\/v2\/product"}],"about":[{"href":"http:\/\/vinafordn.com.vn\/en\/wp-json\/wp\/v2\/types\/product"}],"replies":[{"embeddable":true,"href":"http:\/\/vinafordn.com.vn\/en\/wp-json\/wp\/v2\/comments?post=353"}],"wp:featuredmedia":[{"embeddable":true,"href":"http:\/\/vinafordn.com.vn\/en\/wp-json\/wp\/v2\/media\/354"}],"wp:attachment":[{"href":"http:\/\/vinafordn.com.vn\/en\/wp-json\/wp\/v2\/media?parent=353"}],"curies":[{"name":"wp","href":"https:\/\/api.w.org\/{rel}","templated":true}]}}